{"id":33,"date":"2012-01-12T13:46:06","date_gmt":"2012-01-12T13:46:06","guid":{"rendered":"http:\/\/andrerauch.echecs-saverne.net\/wordpress\/?page_id=33"},"modified":"2026-03-11T21:00:26","modified_gmt":"2026-03-11T20:00:26","slug":"titres-universitaires","status":"publish","type":"page","link":"https:\/\/andre-rauch.eu\/wordpress\/titres-universitaires\/","title":{"rendered":"Titres universitaires"},"content":{"rendered":"<p>Professeur d&#8217;Education Physique et Sportive (1963)<\/p>\n<p>docteur en Philosophie (1966)<\/p>\n<p>Docteur \u00e8s Lettres et Sciences Humaines (1981)<\/p>\n<p>Professeur des Universit\u00e9s (1983)<\/p>\n<p>Docteur Honoris Causa de l&#8217;Universit\u00e9 de Mayence &#8211; Allemagne (2005)<\/p>\n\n\n<p>M\u00e9daille de Donneur de Sang (2002)<\/p>\n","protected":false},"excerpt":{"rendered":"<p>Professeur d&#8217;Education Physique et Sportive (1963) docteur en Philosophie (1966) Docteur \u00e8s Lettres et Sciences Humaines (1981) Professeur des Universit\u00e9s (1983) Docteur Honoris Causa de l&#8217;Universit\u00e9 de Mayence &#8211; Allemagne (2005) M\u00e9daille de Donneur de Sang (2002)<\/p>\n","protected":false},"author":2,"featured_media":0,"parent":0,"menu_order":-1,"comment_status":"closed","ping_status":"closed","template":"","meta":{"footnotes":""},"class_list":["post-33","page","type-page","status-publish","hentry"],"_links":{"self":[{"href":"https:\/\/andre-rauch.eu\/wordpress\/wp-json\/wp\/v2\/pages\/33","targetHints":{"allow":["GET"]}}],"collection":[{"href":"https:\/\/andre-rauch.eu\/wordpress\/wp-json\/wp\/v2\/pages"}],"about":[{"href":"https:\/\/andre-rauch.eu\/wordpress\/wp-json\/wp\/v2\/types\/page"}],"author":[{"embeddable":true,"href":"https:\/\/andre-rauch.eu\/wordpress\/wp-json\/wp\/v2\/users\/2"}],"replies":[{"embeddable":true,"href":"https:\/\/andre-rauch.eu\/wordpress\/wp-json\/wp\/v2\/comments?post=33"}],"version-history":[{"count":3,"href":"https:\/\/andre-rauch.eu\/wordpress\/wp-json\/wp\/v2\/pages\/33\/revisions"}],"predecessor-version":[{"id":386,"href":"https:\/\/andre-rauch.eu\/wordpress\/wp-json\/wp\/v2\/pages\/33\/revisions\/386"}],"wp:attachment":[{"href":"https:\/\/andre-rauch.eu\/wordpress\/wp-json\/wp\/v2\/media?parent=33"}],"curies":[{"name":"wp","href":"https:\/\/api.w.org\/{rel}","templated":true}]}}