{"id":36,"date":"2012-01-12T13:53:55","date_gmt":"2012-01-12T13:53:55","guid":{"rendered":"http:\/\/andrerauch.echecs-saverne.net\/wordpress\/?page_id=36"},"modified":"2012-01-15T21:38:48","modified_gmt":"2012-01-15T20:38:48","slug":"le-premier-sexe","status":"publish","type":"page","link":"https:\/\/andre-rauch.eu\/wordpress\/lamour-a-la-lumiere-du-crime-1936-2007\/le-premier-sexe\/","title":{"rendered":"Le premier sexe"},"content":{"rendered":"<p><a href=\"http:\/\/andre-rauch.eu\/wordpress\/wp-content\/uploads\/2012\/01\/LePremierSexe.png\"><img loading=\"lazy\" decoding=\"async\" class=\"alignright size-medium wp-image-54\" title=\"LePremierSexe\" src=\"http:\/\/andre-rauch.eu\/wordpress\/wp-content\/uploads\/2012\/01\/LePremierSexe-196x300.png\" alt=\"\" width=\"196\" height=\"300\" srcset=\"https:\/\/andre-rauch.eu\/wordpress\/wp-content\/uploads\/2012\/01\/LePremierSexe-196x300.png 196w, https:\/\/andre-rauch.eu\/wordpress\/wp-content\/uploads\/2012\/01\/LePremierSexe.png 495w\" sizes=\"auto, (max-width: 196px) 100vw, 196px\" \/><\/a><span style=\"font-size: small;\">L&#8217;ancien R\u00e9gime reposait largement sur une soci\u00e9t\u00e9 patriarcale, o\u00f9 la supr\u00e9matie des hommes \u00e9tait incontest\u00e9e. La R\u00e9volution met fin \u00e0 cet ordre ancien tandis que la D\u00e9claration des Droits de l&#8217;Homme ouvre la voie \u00e0 une soci\u00e9t\u00e9 o\u00f9 change le statut des femmes. L&#8217;av\u00e8nement du citoyen, l&#8217;\u00e9galit\u00e9 proclam\u00e9e, la mont\u00e9e de la bourgeoisie, les transformations de la vie sociale vont modifier progressivement le r\u00f4le, le statut et l&#8217;image des hommes.<\/span><\/p>\n<p><span style=\"font-size: small;\">En d\u00e9pouillant journaux intimes, chroniques de vie, romans, correspondances, Andr\u00e9 Rauch \u00e9tudie pr\u00e9cis\u00e9ment les mutations, parfois porteuses de crises, qui affectent l&#8217;identit\u00e9 masculine jusqu&#8217;au d\u00e9but du XXe si\u00e8cle. Les bouleversements ont \u00e9t\u00e9 fondamentaux : la gloire du soldat sous l&#8217;Empire, la g\u00e9n\u00e9ralisation de la conscription, par exemple, sont autant de nouvelles expressions de la virilit\u00e9. De m\u00eame l&#8217;ambition sociale et la volont\u00e9 de faire carri\u00e8re, qui imposent dor\u00e9navant la ma\u00eetrise de soi. Les hommes apprennent \u00e0 se r\u00e9fr\u00e9ner et \u00e0 endurer les \u00e9preuves du coll\u00e8ge, de l&#8217;arm\u00e9e, du chantier et, plus g\u00e9n\u00e9ralement, de la promotion sociale. La vigueur du d\u00e9sir, la maturit\u00e9 virile que prouvait l&#8217;ardeur physique, l&#8217;imp\u00e9tuosit\u00e9 que devait traduire la puissance sexuelle, sont autant de rep\u00e8res d\u00e9sormais brouill\u00e9s. L&#8217;art de s\u00e9duire \u00e9volue. Les lieux masculins changent : le cercle, le caf\u00e9, le cabaret sont peut-\u00eatre une mani\u00e8re pour les hommes de s&#8217;isoler, voire de se prot\u00e9ger.<\/span><\/p>\n<p><span style=\"font-size: small;\">Le XXe si\u00e8cle s&#8217;\u00e9claire \u00e0 la lumi\u00e8re de cette recomposition fondamentale de l&#8217;ordre des hommes face \u00e0 la mont\u00e9e du pouvoir f\u00e9minin.<\/span><\/p>\n<p><span style=\"font-size: small;\">Cet essai \u00a0inaugure une nouvelle histoire des relations entre hommes et femmes.<\/span><\/p>\n<p>&nbsp;<\/p>\n","protected":false},"excerpt":{"rendered":"<p>L&#8217;ancien R\u00e9gime reposait largement sur une soci\u00e9t\u00e9 patriarcale, o\u00f9 la supr\u00e9matie des hommes \u00e9tait incontest\u00e9e. La R\u00e9volution met fin \u00e0 cet ordre ancien tandis que la D\u00e9claration des Droits de l&#8217;Homme ouvre la voie \u00e0 une soci\u00e9t\u00e9 o\u00f9 change le &hellip; <a href=\"https:\/\/andre-rauch.eu\/wordpress\/lamour-a-la-lumiere-du-crime-1936-2007\/le-premier-sexe\/\">Continuer la lecture <span class=\"meta-nav\">&rarr;<\/span><\/a><\/p>\n","protected":false},"author":2,"featured_media":0,"parent":19,"menu_order":0,"comment_status":"closed","ping_status":"closed","template":"","meta":{"footnotes":""},"class_list":["post-36","page","type-page","status-publish","hentry"],"_links":{"self":[{"href":"https:\/\/andre-rauch.eu\/wordpress\/wp-json\/wp\/v2\/pages\/36","targetHints":{"allow":["GET"]}}],"collection":[{"href":"https:\/\/andre-rauch.eu\/wordpress\/wp-json\/wp\/v2\/pages"}],"about":[{"href":"https:\/\/andre-rauch.eu\/wordpress\/wp-json\/wp\/v2\/types\/page"}],"author":[{"embeddable":true,"href":"https:\/\/andre-rauch.eu\/wordpress\/wp-json\/wp\/v2\/users\/2"}],"replies":[{"embeddable":true,"href":"https:\/\/andre-rauch.eu\/wordpress\/wp-json\/wp\/v2\/comments?post=36"}],"version-history":[{"count":6,"href":"https:\/\/andre-rauch.eu\/wordpress\/wp-json\/wp\/v2\/pages\/36\/revisions"}],"predecessor-version":[{"id":59,"href":"https:\/\/andre-rauch.eu\/wordpress\/wp-json\/wp\/v2\/pages\/36\/revisions\/59"}],"up":[{"embeddable":true,"href":"https:\/\/andre-rauch.eu\/wordpress\/wp-json\/wp\/v2\/pages\/19"}],"wp:attachment":[{"href":"https:\/\/andre-rauch.eu\/wordpress\/wp-json\/wp\/v2\/media?parent=36"}],"curies":[{"name":"wp","href":"https:\/\/api.w.org\/{rel}","templated":true}]}}