{"id":6,"date":"2012-01-09T20:27:10","date_gmt":"2012-01-09T20:27:10","guid":{"rendered":"http:\/\/andrerauch.echecs-saverne.net\/wordpress\/?page_id=2"},"modified":"2023-03-17T21:14:13","modified_gmt":"2023-03-17T20:14:13","slug":"sample-page","status":"publish","type":"page","link":"https:\/\/andre-rauch.eu\/wordpress\/","title":{"rendered":""},"content":{"rendered":"<p>ANDR\u00c9\u00a0 RAUCH<br \/>\nN\u00e9 le 13 mars 1942 \u00e0 Paris (4 \u00e8me)<br \/>\nNationalit\u00e9: Fran\u00e7aise<br \/>\nSituation de famille: mari\u00e9, 2 enfants<br \/>\nAdresse: 16 rue Schwendi, 67 000 Strasbourg<\/p>\n<p>andrauch42@hotmail.com<br \/>\nT\u00e9l. 03 88 35 31 26<br \/>\nPort. 06 62 57 34 60<\/p>\n<p>&nbsp;<\/p>\n<p>CURRICULUM-VITAE<\/p>\n<p>ETUDES &#8211; POSTES &#8211; AUTRES<\/p>\n<p>ETUDES<\/p>\n<p>1947-1950\u00a0\u00a0 \u00a0 &#8211; El\u00e8ve \u00e0 l&#8217;\u00e9cole communale Saint-Maur (Paris 11 \u00e8me)<\/p>\n<p>1950-1957\u00a0\u00a0 \u00a0 &#8211; El\u00e8ve au Lyc\u00e9e Voltaire (Paris 11 \u00e8me)<\/p>\n<p>1957-1959\u00a0\u00a0 \u00a0 &#8211; Baccalaur\u00e9at, s\u00e9ries A et Philosophie<\/p>\n<p>1959-1963\u00a0\u00a0 \u00a0 &#8211; El\u00e8ve-Professeur d&#8217;EPS au C.R.E.P.S. de Strasbourg<\/p>\n<p>1961-1965\u00a0\u00a0 \u00a0 &#8211; Licence (ancien r\u00e9gime) de Philosophie (Universit\u00e9 de Strasbourg).<\/p>\n<p>1965-1967\u00a0\u00a0 \u00a0 &#8211; Doctorat en Philosophie (Universit\u00e9 de Strasbourg. Dir. G. GUSDORF)<\/p>\n<p>1974-1981 &#8211; Doctorat d&#8217;Etat \u00e8s Lettres et Sciences Humaines (Universit\u00e9 de Paris-Sorbonne. Dir. G. SNYDERS)<\/p>\n<p>POSTES<\/p>\n<p>1963-1967\u00a0\u00a0 \u00a0 &#8211; Professeur d&#8217;EPS au Lyc\u00e9e d&#8217;Etat Mixte de Strasbourg-Neudorf<\/p>\n<p>1967-1969\u00a0\u00a0 \u00a0 &#8211; Professeur \u00e0 l&#8217;Institut National des Sports de Tunis<\/p>\n<p>1969-1973\u00a0\u00a0 \u00a0 &#8211; Professeur d&#8217;EPS au C.R.E.P.S. de Dinard<\/p>\n<p>1973-1982 \u00a0 \u00a0 &#8211; Professeur d&#8217;EPS au C.R.E.P.S. et \u00e0 l&#8217;UEREPS de Strasbourg<\/p>\n<p>1977-1994\u00a0\u00a0 \u00a0 &#8211; Charg\u00e9 de cours au Centre de T\u00e9l\u00e9-enseignement Universitaire de l&#8217;Est de la France<\/p>\n<p>1978-1983\u00a0\u00a0 \u00a0 &#8211; Charg\u00e9 de cours au D\u00e9partement des Sciences de l&#8217;Education de l&#8217;Universit\u00e9 de Strasbourg 1<\/p>\n<p>1983-1987\u00a0\u00a0 \u00a0 &#8211; Professeur d&#8217;Universit\u00e9 \u00e0 l&#8217;Universit\u00e9 de Montpellier 1<\/p>\n<p>1987-2007\u00a0\u00a0 \u00a0 &#8211; Professeur \u00e0 l&#8217;Universit\u00e9 de Strasbourg 2<\/p>\n<p>1994-1995\u00a0\u00a0 \u00a0&#8211; Professeur Invit\u00e9 de l&#8217;Universit\u00e9 Johannes Gutenberg de Mayence, R\u00e9publique F\u00e9d\u00e9rale d&#8217;Allemagne<\/p>\n<p>1997-1998\u00a0\u00a0 \u00a0&#8211; Professeur Invit\u00e9 \u00e0 l&#8217;Universit\u00e9 d&#8217;Antille-Guyane<\/p>\n<p>&nbsp;<\/p>\n<p>AUTRES<\/p>\n<p>1986-1995 &#8211; Pr\u00e9sident du Conseil National des Universit\u00e9s (74 \u00e8 section)<\/p>\n<p>1988-1996 &#8211; Directeur du Centre de Recherches Europ\u00e9ennes en \u00c9ducation Corporelle (CREEC)<\/p>\n<p>1992-2002 &#8211; Directeur de l&#8217;\u00c9quipe d&#8217;Accueil en Sciences du Sport (Universit\u00e9 Marc Bloch)<\/p>\n<p>2000-2006 &#8211; Directeur de collection aux \u00c9ditions Armand Colin<\/p>\n<p>2005 &#8211; Docteur Honoris Causa de l\u2019Universit\u00e9 de Mayence (Allemagne)<\/p>\n<p>2004-2006 &#8211; Membre \u00e9lu du Conseil Scientifique de l\u2019Universit\u00e9 Marc Bloch<\/p>\n<p>2004-2007 &#8211; Directeur du s\u00e9minaire doctoral \u00ab\u00a0Le corps noir\u00a0\u00bb, Universit\u00e9 Marc Bloch<\/p>\n<p>2005-2006 &#8211; Codirecteur du s\u00e9minaire (codirectrice\u00a0: Julia Csergo) \u00ab\u00a0L\u2019ob\u00e9sit\u00e9 dans la culture. Le gros et le gras\u00a0\u00bb, Universit\u00e9 de Paris1-Sorbonne.<\/p>\n<p>2008-2010 -,Membre organisateur de \u00ab\u00a0La rencontre des M\u00e9moires\u00a0\u00bb, Strasbourg : Fronti\u00e8res.<\/p>\n<p>2007-2010 &#8211; S\u00e9minaire, Paris 1 Sorbonne \u2013 Paris VII, Denis Diderot, \u00ab\u00a0Histoire de la t\u00e9l\u00e9vision\u00a0\u00bb<\/p>\n<p>2010-2014 &#8211; Membre organisateur de \u00ab\u00a0La rencontre des M\u00e9moires\u00a0\u00bb, Strasbourg : La R\u00e9conciliation.<\/p>\n<p>2010 &#8211; 25-26 juin &#8211; Colloque, Isor Paris 1 Sorbonne, Dir. Myriam Tsikounas-Andr\u00e9 Rauch. \u00ab\u00a0La justice et les repr\u00e9sentations du crime\u00a0\u00bb.<\/p>\n<p>2009-2015 &#8211; Expert pour l\u2019Institut Emilie Du Chatelet.<\/p>\n<p>2013-2015 &#8211; Co-organisateur du s\u00e9minaire \u00ab La Cruaut\u00e9&#8221; (Fr\u00e9d\u00e9ric Chauvaud, Myriam Tsikounas). Universit\u00e9 de Paris 1-Panth\u00e9on-Sorbonne &#8211; Universit\u00e9 de Poitiers.<\/p>\n<p>2014-2019 &#8211; Membre organisateur de \u00ab\u00a0La rencontre des M\u00e9moires\u00a0\u00bb, Strasbourg : Nous n&#8217;irons plus au bois. M\u00e9moire en devenir.<\/p>\n<p>2005-2019 &#8211; Chercheur Associ\u00e9 au laboratoire ISOR (Universit\u00e9 Paris I Panth\u00e9on-Sorbonne)<\/p>\n<p>2018- Septembre &#8211; Invitation au \u00ab Book Space\u00a0\u00bb\u00a0Dnipro et Kiev pour une conf\u00e9rence sur la traduction du \u00ab Premier Sexe\u00a0\u00bb en langue ukrainienne.<\/p>\n<p>2018 &#8211; D\u00e9cembre &#8211; Invitation \u00e0 la journ\u00e9e d&#8217;\u00e9tudes Universit\u00e9 de Dijon sur Histoire de la sexualit\u00e9. Titre de la communication :\u00a0\u00abLe d\u00e9sir de la chair. XVIII e-XIX e si\u00e8cle\u00a0\u00bb<\/p>\n<p>2019 &#8211; Mai &#8211; Invitation au salon du livre de . Titre de la pr\u00e9sentation : Histoire de la Paresse<\/p>\n<p>2020 &#8211; Janvier &#8211; Invitation \u00e0 la Journ\u00e9e d&#8217;\u00e9tude sur la paternit\u00e9 \u00e0 l&#8217;Universit\u00e9 de Lille : titre de la conf\u00e9rence : Le P\u00e8re retrouv\u00e9 (XIXe-XXI \u00e8me si\u00e8cle)<\/p>\n<p>2020 &#8211; Mai &#8211; Invitation aux Journ\u00e9es de l&#8217;\u00c9loquence \u00e0 Aix en Provence : Titre de la pr\u00e9sentation : Histoire de la luxure.<\/p>\n<p>2020 &#8211; 2023 &#8211; Membre du Comit\u00e9 de r\u00e9daction de \u00a0: Revue d&#8217;Histoire Culturelle. Revue Num\u00e9rique.<\/p>\n<p>07 Janvier 2022 &#8211; Invitation Librairie du Nord, Mulhouse. Pr\u00e9sentation : &#8220;L&#8217;envie. Une passion tourment\u00e9e&#8221;<\/p>\n<p>&#8211; L&#8217;<em>Alsace<\/em> &#8220;Andr\u00e9 Rauch, Une histoire \u00e9clectique entre sport, philosophie et psychologie&#8221;<\/p>\n<p>&nbsp;<\/p>\n<p>&nbsp;<\/p>\n<p>&nbsp;<\/p>\n","protected":false},"excerpt":{"rendered":"<p>ANDR\u00c9\u00a0 RAUCH N\u00e9 le 13 mars 1942 \u00e0 Paris (4 \u00e8me) Nationalit\u00e9: Fran\u00e7aise Situation de famille: mari\u00e9, 2 enfants Adresse: 16 rue Schwendi, 67 000 Strasbourg andrauch42@hotmail.com T\u00e9l. 03 88 35 31 26 Port. 06 62 57 34 60 &nbsp; &hellip; <a href=\"https:\/\/andre-rauch.eu\/wordpress\/\">Continuer la lecture <span class=\"meta-nav\">&rarr;<\/span><\/a><\/p>\n","protected":false},"author":1,"featured_media":0,"parent":0,"menu_order":0,"comment_status":"closed","ping_status":"closed","template":"","meta":{"footnotes":""},"class_list":["post-6","page","type-page","status-publish","hentry"],"_links":{"self":[{"href":"https:\/\/andre-rauch.eu\/wordpress\/wp-json\/wp\/v2\/pages\/6","targetHints":{"allow":["GET"]}}],"collection":[{"href":"https:\/\/andre-rauch.eu\/wordpress\/wp-json\/wp\/v2\/pages"}],"about":[{"href":"https:\/\/andre-rauch.eu\/wordpress\/wp-json\/wp\/v2\/types\/page"}],"author":[{"embeddable":true,"href":"https:\/\/andre-rauch.eu\/wordpress\/wp-json\/wp\/v2\/users\/1"}],"replies":[{"embeddable":true,"href":"https:\/\/andre-rauch.eu\/wordpress\/wp-json\/wp\/v2\/comments?post=6"}],"version-history":[{"count":25,"href":"https:\/\/andre-rauch.eu\/wordpress\/wp-json\/wp\/v2\/pages\/6\/revisions"}],"predecessor-version":[{"id":322,"href":"https:\/\/andre-rauch.eu\/wordpress\/wp-json\/wp\/v2\/pages\/6\/revisions\/322"}],"wp:attachment":[{"href":"https:\/\/andre-rauch.eu\/wordpress\/wp-json\/wp\/v2\/media?parent=6"}],"curies":[{"name":"wp","href":"https:\/\/api.w.org\/{rel}","templated":true}]}}